{"id":2045,"date":"2025-12-31T14:14:16","date_gmt":"2025-12-31T14:14:16","guid":{"rendered":"https:\/\/braconnier.agency\/?page_id=2045"},"modified":"2026-04-03T07:36:56","modified_gmt":"2026-04-03T07:36:56","slug":"ring-01","status":"publish","type":"page","link":"https:\/\/braconnier.agency\/fr\/collabs\/ring-01\/","title":{"rendered":"RING-01: Icare x Braconnier"},"content":{"rendered":"\t\t<div data-elementor-type=\"wp-page\" data-elementor-id=\"2045\" class=\"elementor elementor-2045\" data-elementor-post-type=\"page\">\n\t\t\t\t<div class=\"elementor-element elementor-element-59b78ef e-con-full e-grid e-con e-parent\" data-id=\"59b78ef\" data-element_type=\"container\" data-e-type=\"container\" data-settings=\"{&quot;background_background&quot;:&quot;classic&quot;}\">\n\t\t\t\t<div class=\"elementor-element elementor-element-1ae73f4 elementor-widget elementor-widget-heading\" data-id=\"1ae73f4\" data-element_type=\"widget\" data-e-type=\"widget\" data-widget_type=\"heading.default\">\n\t\t\t\t\t<h3 class=\"elementor-heading-title elementor-size-default\">Ring 01<\/h3>\t\t\t\t<\/div>\n\t\t\t\t<\/div>\n\t\t<div class=\"elementor-element elementor-element-f93d589 e-con-full e-flex e-con e-parent\" data-id=\"f93d589\" data-element_type=\"container\" data-e-type=\"container\" data-settings=\"{&quot;background_background&quot;:&quot;classic&quot;}\">\n\t\t<div class=\"elementor-element elementor-element-57a80af e-con-full e-flex e-con e-child\" data-id=\"57a80af\" data-element_type=\"container\" data-e-type=\"container\">\n\t\t\t\t<div class=\"elementor-element elementor-element-c5e7f4e elementor-widget elementor-widget-video\" data-id=\"c5e7f4e\" data-element_type=\"widget\" data-e-type=\"widget\" data-settings=\"{&quot;video_type&quot;:&quot;hosted&quot;,&quot;autoplay&quot;:&quot;yes&quot;,&quot;mute&quot;:&quot;yes&quot;,&quot;loop&quot;:&quot;yes&quot;}\" data-widget_type=\"video.default\">\n\t\t\t\t\t\t\t<div class=\"e-hosted-video elementor-wrapper elementor-open-inline\">\n\t\t\t\t\t<video class=\"elementor-video\" src=\"https:\/\/braconnier.agency\/wp-content\/uploads\/2026\/04\/RING01-Icare-x-Braconnier.mp4\" autoplay=\"\" loop=\"\" muted=\"muted\" controlsList=\"nodownload\"><\/video>\n\t\t\t\t<\/div>\n\t\t\t\t\t\t<\/div>\n\t\t\t\t<div class=\"elementor-element elementor-element-62fc5d2 elementor-widget elementor-widget-image\" data-id=\"62fc5d2\" data-element_type=\"widget\" data-e-type=\"widget\" data-widget_type=\"image.default\">\n\t\t\t\t\t\t\t\t\t\t\t\t\t\t\t<img decoding=\"async\" src=\"https:\/\/braconnier.agency\/wp-content\/uploads\/elementor\/thumbs\/Braconnier_MastersBeaune_Ambiance-123-rkjytattu4rklbor5vj97jlzu1pyv9rr5oa9mhljx4.webp\" title=\"Braconnier_MastersBeaune_Ambiance-123\" alt=\"Braconnier_MastersBeaune_Ambiance-123\" loading=\"lazy\" \/>\t\t\t\t\t\t\t\t\t\t\t\t\t\t\t<\/div>\n\t\t\t\t<div class=\"elementor-element elementor-element-79fdecc elementor-widget elementor-widget-image\" data-id=\"79fdecc\" data-element_type=\"widget\" data-e-type=\"widget\" data-widget_type=\"image.default\">\n\t\t\t\t\t\t\t\t\t\t\t\t\t\t\t<img decoding=\"async\" src=\"https:\/\/braconnier.agency\/wp-content\/uploads\/elementor\/thumbs\/Braconnier_MastersBeaune_Ambiance-120-rkjyt72h2smfavu7rtwqxkk5gi8i0hctt5obpdr4m0.webp\" title=\"Braconnier_MastersBeaune_Ambiance-120\" alt=\"Braconnier_MastersBeaune_Ambiance-120\" loading=\"lazy\" \/>\t\t\t\t\t\t\t\t\t\t\t\t\t\t\t<\/div>\n\t\t\t\t<\/div>\n\t\t<div class=\"elementor-element elementor-element-2d76c2a e-con-full e-flex e-con e-child\" data-id=\"2d76c2a\" data-element_type=\"container\" data-e-type=\"container\" data-settings=\"{&quot;sticky&quot;:&quot;top&quot;,&quot;sticky_on&quot;:[&quot;desktop&quot;,&quot;tablet&quot;],&quot;sticky_offset&quot;:50,&quot;sticky_effects_offset&quot;:0,&quot;sticky_anchor_link_offset&quot;:0}\">\n\t\t\t\t<div class=\"elementor-element elementor-element-e35a521 elementor-widget elementor-widget-text-editor\" data-id=\"e35a521\" data-element_type=\"widget\" data-e-type=\"widget\" data-widget_type=\"text-editor.default\">\n\t\t\t\t\t\t\t\t\t<p>Icare x Braconnier<br>925 Silver Ring<\/p>\t\t\t\t\t\t\t\t<\/div>\n\t\t<div class=\"elementor-element elementor-element-8231b17 e-con-full e-flex e-con e-child\" data-id=\"8231b17\" data-element_type=\"container\" data-e-type=\"container\">\n\t\t<div class=\"elementor-element elementor-element-259cfc4 e-con-full e-flex e-con e-child\" data-id=\"259cfc4\" data-element_type=\"container\" data-e-type=\"container\">\n\t\t\t\t<div class=\"elementor-element elementor-element-387a2d5 elementor-widget elementor-widget-text-editor\" data-id=\"387a2d5\" data-element_type=\"widget\" data-e-type=\"widget\" data-widget_type=\"text-editor.default\">\n\t\t\t\t\t\t\t\t\t<p>DESCRIPTION<\/p>\t\t\t\t\t\t\t\t<\/div>\n\t\t\t\t<div class=\"elementor-element elementor-element-dc66e61 elementor-widget elementor-widget-text-editor\" data-id=\"dc66e61\" data-element_type=\"widget\" data-e-type=\"widget\" data-widget_type=\"text-editor.default\">\n\t\t\t\t\t\t\t\t\t<p>Ring 01 is a silver signet ring by Icare \u00d7 Braconnier, shaped through traditional lost-wax casting and defined by material, form and manual process.<\/p><p>Icare is an artisan jeweller and sculptor based in Li\u00e8ge. His practice relies on metal and lost-wax casting techniques, producing objects defined by process rather than replication. Each piece is shaped by hand, bearing the traces of its making and resisting standardisation.<\/p>\t\t\t\t\t\t\t\t<\/div>\n\t\t\t\t<div class=\"elementor-element elementor-element-e7c3a22 elementor-widget elementor-widget-text-editor\" data-id=\"e7c3a22\" data-element_type=\"widget\" data-e-type=\"widget\" data-widget_type=\"text-editor.default\">\n\t\t\t\t\t\t\t\t\t<p>\u20ac 250.00\u00a0<\/p>\t\t\t\t\t\t\t\t<\/div>\n\t\t\t\t<\/div>\n\t\t<div class=\"elementor-element elementor-element-6dbae89 e-con-full e-flex e-con e-child\" data-id=\"6dbae89\" data-element_type=\"container\" data-e-type=\"container\">\n\t\t\t\t<div class=\"elementor-element elementor-element-5cf129f elementor-widget elementor-widget-text-editor\" data-id=\"5cf129f\" data-element_type=\"widget\" data-e-type=\"widget\" data-widget_type=\"text-editor.default\">\n\t\t\t\t\t\t\t\t\t<p>PRODUCT DETAILS<\/p>\t\t\t\t\t\t\t\t<\/div>\n\t\t\t\t<div class=\"elementor-element elementor-element-0f124ae elementor-widget elementor-widget-text-editor\" data-id=\"0f124ae\" data-element_type=\"widget\" data-e-type=\"widget\" data-widget_type=\"text-editor.default\">\n\t\t\t\t\t\t\t\t\t<p>\u2022\u00a0 Object: Signet ring<br \/>\u2022\u00a0 Material: Solid silver<br \/>\u2022\u00a0 Technique: Lost-wax casting<br \/>\u2022\u00a0 Finish: Hand-finished<br \/>\u2022\u00a0 Edition: Limited<br \/>\u2022\u00a0 Origin: Belgium<\/p>\t\t\t\t\t\t\t\t<\/div>\n\t\t\t\t<\/div>\n\t\t\t\t<\/div>\n\t\t<div class=\"elementor-element elementor-element-38586fa e-con-full e-flex e-con e-child\" data-id=\"38586fa\" data-element_type=\"container\" data-e-type=\"container\">\n\t\t<div class=\"elementor-element elementor-element-9811957 e-con-full e-flex e-con e-child\" data-id=\"9811957\" data-element_type=\"container\" data-e-type=\"container\">\n\t\t\t\t<div class=\"elementor-element elementor-element-f28f748 elementor-button-align-stretch elementor-widget elementor-widget-form\" data-id=\"f28f748\" data-element_type=\"widget\" data-e-type=\"widget\" data-settings=\"{&quot;step_next_label&quot;:&quot;Next&quot;,&quot;step_previous_label&quot;:&quot;Previous&quot;,&quot;button_width&quot;:&quot;100&quot;,&quot;step_type&quot;:&quot;number_text&quot;,&quot;step_icon_shape&quot;:&quot;circle&quot;}\" data-widget_type=\"form.default\">\n\t\t\t\t\t\t\t<form class=\"elementor-form\" method=\"post\" name=\"RING\" aria-label=\"RING\">\n\t\t\t<input type=\"hidden\" name=\"post_id\" value=\"2045\"\/>\n\t\t\t<input type=\"hidden\" name=\"form_id\" value=\"f28f748\"\/>\n\t\t\t<input type=\"hidden\" name=\"referer_title\" value=\"RING-01: Icare x Braconnier\" \/>\n\n\t\t\t\t\t\t\t<input type=\"hidden\" name=\"queried_id\" value=\"2045\"\/>\n\t\t\t\n\t\t\t<div class=\"elementor-form-fields-wrapper elementor-labels-\">\n\t\t\t\t\t\t\t\t<div class=\"elementor-field-type-text elementor-field-group elementor-column elementor-field-group-name elementor-col-100 elementor-field-required\">\n\t\t\t\t\t\t\t\t\t\t\t\t<label for=\"form-field-name\" class=\"elementor-field-label elementor-screen-only\">\n\t\t\t\t\t\t\t\tName\t\t\t\t\t\t\t<\/label>\n\t\t\t\t\t\t\t\t\t\t\t\t\t\t<input size=\"1\" type=\"text\" name=\"form_fields[name]\" id=\"form-field-name\" class=\"elementor-field elementor-size-sm  elementor-field-textual\" placeholder=\"Name\" required=\"required\">\n\t\t\t\t\t\t\t\t\t\t\t<\/div>\n\t\t\t\t\t\t\t\t<div class=\"elementor-field-type-email elementor-field-group elementor-column elementor-field-group-email elementor-col-100 elementor-field-required\">\n\t\t\t\t\t\t\t\t\t\t\t\t<label for=\"form-field-email\" class=\"elementor-field-label elementor-screen-only\">\n\t\t\t\t\t\t\t\tEmail\t\t\t\t\t\t\t<\/label>\n\t\t\t\t\t\t\t\t\t\t\t\t\t\t<input size=\"1\" type=\"email\" name=\"form_fields[email]\" id=\"form-field-email\" class=\"elementor-field elementor-size-sm  elementor-field-textual\" placeholder=\"Email\" required=\"required\">\n\t\t\t\t\t\t\t\t\t\t\t<\/div>\n\t\t\t\t\t\t\t\t<div class=\"elementor-field-group elementor-column elementor-field-type-submit elementor-col-100 e-form__buttons\">\n\t\t\t\t\t<button class=\"elementor-button elementor-size-sm\" type=\"submit\">\n\t\t\t\t\t\t<span class=\"elementor-button-content-wrapper\">\n\t\t\t\t\t\t\t\t\t\t\t\t\t\t\t\t\t\t\t\t\t\t<span class=\"elementor-button-text\">Request access<\/span>\n\t\t\t\t\t\t\t\t\t\t\t\t\t<\/span>\n\t\t\t\t\t<\/button>\n\t\t\t\t<\/div>\n\t\t\t<\/div>\n\t\t<\/form>\n\t\t\t\t\t\t<\/div>\n\t\t\t\t<\/div>\n\t\t\t\t<\/div>\n\t\t\t\t<\/div>\n\t\t\t\t<\/div>\n\t\t\t\t<\/div>\n\t\t","protected":false},"excerpt":{"rendered":"<p>Ring 01 est une chevali\u00e8re en argent sign\u00e9e Icare \u00d7 Braconnier, fa\u00e7onn\u00e9e selon la technique traditionnelle de la cire perdue et d\u00e9finie par la mati\u00e8re, la forme et le geste artisanal.<\/p>","protected":false},"author":2,"featured_media":2750,"parent":1988,"menu_order":0,"comment_status":"closed","ping_status":"closed","template":"","meta":{"content-type":"","footnotes":""},"class_list":["post-2045","page","type-page","status-publish","has-post-thumbnail","hentry"],"yoast_head":"<!-- This site is optimized with the Yoast SEO plugin v27.4 - https:\/\/yoast.com\/product\/yoast-seo-wordpress\/ -->\n<title>RING-01: Icare x Braconnier<\/title>\n<meta name=\"description\" content=\"Ring 01 is a silver signet ring by Icare \u00d7 Braconnier, shaped through traditional lost-wax casting and defined by material, form and manual process.\" \/>\n<meta name=\"robots\" content=\"index, follow, max-snippet:-1, max-image-preview:large, max-video-preview:-1\" \/>\n<link rel=\"canonical\" href=\"https:\/\/braconnier.agency\/fr\/collabs\/ring-01\/\" \/>\n<meta property=\"og:locale\" content=\"fr_FR\" \/>\n<meta property=\"og:type\" content=\"article\" \/>\n<meta property=\"og:title\" content=\"RING-01: Icare x Braconnier\" \/>\n<meta property=\"og:description\" content=\"Ring 01 is a silver signet ring by Icare \u00d7 Braconnier, shaped through traditional lost-wax casting and defined by material, form and manual process.\" \/>\n<meta property=\"og:url\" content=\"https:\/\/braconnier.agency\/fr\/collabs\/ring-01\/\" \/>\n<meta property=\"og:site_name\" content=\"Braconnier\" \/>\n<meta property=\"article:publisher\" content=\"https:\/\/www.facebook.com\/braconnier.agency\" \/>\n<meta property=\"article:modified_time\" content=\"2026-04-03T07:36:56+00:00\" \/>\n<meta property=\"og:image\" content=\"https:\/\/braconnier.agency\/wp-content\/uploads\/2026\/03\/ring01-Braconnier-Icare.webp\" \/>\n\t<meta property=\"og:image:width\" content=\"2000\" \/>\n\t<meta property=\"og:image:height\" content=\"1271\" \/>\n\t<meta property=\"og:image:type\" content=\"image\/webp\" \/>\n<meta name=\"twitter:card\" content=\"summary_large_image\" \/>\n<meta name=\"twitter:label1\" content=\"Dur\u00e9e de lecture estim\u00e9e\" \/>\n\t<meta name=\"twitter:data1\" content=\"1 minute\" \/>\n<script type=\"application\/ld+json\" class=\"yoast-schema-graph\">{\"@context\":\"https:\\\/\\\/schema.org\",\"@graph\":[{\"@type\":\"WebPage\",\"@id\":\"https:\\\/\\\/braconnier.agency\\\/collabs\\\/ring-01\\\/\",\"url\":\"https:\\\/\\\/braconnier.agency\\\/collabs\\\/ring-01\\\/\",\"name\":\"RING-01: Icare x Braconnier\",\"isPartOf\":{\"@id\":\"https:\\\/\\\/braconnier.agency\\\/#website\"},\"primaryImageOfPage\":{\"@id\":\"https:\\\/\\\/braconnier.agency\\\/collabs\\\/ring-01\\\/#primaryimage\"},\"image\":{\"@id\":\"https:\\\/\\\/braconnier.agency\\\/collabs\\\/ring-01\\\/#primaryimage\"},\"thumbnailUrl\":\"https:\\\/\\\/braconnier.agency\\\/wp-content\\\/uploads\\\/2026\\\/03\\\/ring01-Braconnier-Icare.webp\",\"datePublished\":\"2025-12-31T14:14:16+00:00\",\"dateModified\":\"2026-04-03T07:36:56+00:00\",\"description\":\"Ring 01 is a silver signet ring by Icare \u00d7 Braconnier, shaped through traditional lost-wax casting and defined by material, form and manual process.\",\"breadcrumb\":{\"@id\":\"https:\\\/\\\/braconnier.agency\\\/collabs\\\/ring-01\\\/#breadcrumb\"},\"inLanguage\":\"fr-FR\",\"potentialAction\":[{\"@type\":\"ReadAction\",\"target\":[\"https:\\\/\\\/braconnier.agency\\\/collabs\\\/ring-01\\\/\"]}]},{\"@type\":\"ImageObject\",\"inLanguage\":\"fr-FR\",\"@id\":\"https:\\\/\\\/braconnier.agency\\\/collabs\\\/ring-01\\\/#primaryimage\",\"url\":\"https:\\\/\\\/braconnier.agency\\\/wp-content\\\/uploads\\\/2026\\\/03\\\/ring01-Braconnier-Icare.webp\",\"contentUrl\":\"https:\\\/\\\/braconnier.agency\\\/wp-content\\\/uploads\\\/2026\\\/03\\\/ring01-Braconnier-Icare.webp\",\"width\":2000,\"height\":1271},{\"@type\":\"BreadcrumbList\",\"@id\":\"https:\\\/\\\/braconnier.agency\\\/collabs\\\/ring-01\\\/#breadcrumb\",\"itemListElement\":[{\"@type\":\"ListItem\",\"position\":1,\"name\":\"Home\",\"item\":\"https:\\\/\\\/braconnier.agency\\\/\"},{\"@type\":\"ListItem\",\"position\":2,\"name\":\"Collabs\",\"item\":\"https:\\\/\\\/braconnier.agency\\\/collabs\\\/\"},{\"@type\":\"ListItem\",\"position\":3,\"name\":\"RING-01: Icare x Braconnier\"}]},{\"@type\":\"WebSite\",\"@id\":\"https:\\\/\\\/braconnier.agency\\\/#website\",\"url\":\"https:\\\/\\\/braconnier.agency\\\/\",\"name\":\"Braconnier\",\"description\":\"Magnitudo Ex Omnibus\",\"publisher\":{\"@id\":\"https:\\\/\\\/braconnier.agency\\\/#organization\"},\"potentialAction\":[{\"@type\":\"SearchAction\",\"target\":{\"@type\":\"EntryPoint\",\"urlTemplate\":\"https:\\\/\\\/braconnier.agency\\\/?s={search_term_string}\"},\"query-input\":{\"@type\":\"PropertyValueSpecification\",\"valueRequired\":true,\"valueName\":\"search_term_string\"}}],\"inLanguage\":\"fr-FR\"},{\"@type\":\"Organization\",\"@id\":\"https:\\\/\\\/braconnier.agency\\\/#organization\",\"name\":\"Braconnier\",\"url\":\"https:\\\/\\\/braconnier.agency\\\/\",\"logo\":{\"@type\":\"ImageObject\",\"inLanguage\":\"fr-FR\",\"@id\":\"https:\\\/\\\/braconnier.agency\\\/#\\\/schema\\\/logo\\\/image\\\/\",\"url\":\"https:\\\/\\\/braconnier.agency\\\/wp-content\\\/uploads\\\/2025\\\/09\\\/Braconnier-logo.svg\",\"contentUrl\":\"https:\\\/\\\/braconnier.agency\\\/wp-content\\\/uploads\\\/2025\\\/09\\\/Braconnier-logo.svg\",\"width\":241,\"height\":32,\"caption\":\"Braconnier\"},\"image\":{\"@id\":\"https:\\\/\\\/braconnier.agency\\\/#\\\/schema\\\/logo\\\/image\\\/\"},\"sameAs\":[\"https:\\\/\\\/www.facebook.com\\\/braconnier.agency\",\"https:\\\/\\\/www.instagram.com\\\/braconnier.agency\"]}]}<\/script>\n<!-- \/ Yoast SEO plugin. -->","yoast_head_json":{"title":"RING-01: Icare x Braconnier","description":"Ring 01 est une chevali\u00e8re en argent sign\u00e9e Icare \u00d7 Braconnier, fa\u00e7onn\u00e9e selon la technique traditionnelle de la cire perdue et d\u00e9finie par la mati\u00e8re, la forme et le geste artisanal.","robots":{"index":"index","follow":"follow","max-snippet":"max-snippet:-1","max-image-preview":"max-image-preview:large","max-video-preview":"max-video-preview:-1"},"canonical":"https:\/\/braconnier.agency\/fr\/collabs\/ring-01\/","og_locale":"fr_FR","og_type":"article","og_title":"RING-01: Icare x Braconnier","og_description":"Ring 01 is a silver signet ring by Icare \u00d7 Braconnier, shaped through traditional lost-wax casting and defined by material, form and manual process.","og_url":"https:\/\/braconnier.agency\/fr\/collabs\/ring-01\/","og_site_name":"Braconnier","article_publisher":"https:\/\/www.facebook.com\/braconnier.agency","article_modified_time":"2026-04-03T07:36:56+00:00","og_image":[{"width":2000,"height":1271,"url":"https:\/\/braconnier.agency\/wp-content\/uploads\/2026\/03\/ring01-Braconnier-Icare.webp","type":"image\/webp"}],"twitter_card":"summary_large_image","twitter_misc":{"Dur\u00e9e de lecture estim\u00e9e":"1 minute"},"schema":{"@context":"https:\/\/schema.org","@graph":[{"@type":"WebPage","@id":"https:\/\/braconnier.agency\/collabs\/ring-01\/","url":"https:\/\/braconnier.agency\/collabs\/ring-01\/","name":"RING-01: Icare x Braconnier","isPartOf":{"@id":"https:\/\/braconnier.agency\/#website"},"primaryImageOfPage":{"@id":"https:\/\/braconnier.agency\/collabs\/ring-01\/#primaryimage"},"image":{"@id":"https:\/\/braconnier.agency\/collabs\/ring-01\/#primaryimage"},"thumbnailUrl":"https:\/\/braconnier.agency\/wp-content\/uploads\/2026\/03\/ring01-Braconnier-Icare.webp","datePublished":"2025-12-31T14:14:16+00:00","dateModified":"2026-04-03T07:36:56+00:00","description":"Ring 01 est une chevali\u00e8re en argent sign\u00e9e Icare \u00d7 Braconnier, fa\u00e7onn\u00e9e selon la technique traditionnelle de la cire perdue et d\u00e9finie par la mati\u00e8re, la forme et le geste artisanal.","breadcrumb":{"@id":"https:\/\/braconnier.agency\/collabs\/ring-01\/#breadcrumb"},"inLanguage":"fr-FR","potentialAction":[{"@type":"ReadAction","target":["https:\/\/braconnier.agency\/collabs\/ring-01\/"]}]},{"@type":"ImageObject","inLanguage":"fr-FR","@id":"https:\/\/braconnier.agency\/collabs\/ring-01\/#primaryimage","url":"https:\/\/braconnier.agency\/wp-content\/uploads\/2026\/03\/ring01-Braconnier-Icare.webp","contentUrl":"https:\/\/braconnier.agency\/wp-content\/uploads\/2026\/03\/ring01-Braconnier-Icare.webp","width":2000,"height":1271},{"@type":"BreadcrumbList","@id":"https:\/\/braconnier.agency\/collabs\/ring-01\/#breadcrumb","itemListElement":[{"@type":"ListItem","position":1,"name":"Home","item":"https:\/\/braconnier.agency\/"},{"@type":"ListItem","position":2,"name":"Collabs","item":"https:\/\/braconnier.agency\/collabs\/"},{"@type":"ListItem","position":3,"name":"RING-01: Icare x Braconnier"}]},{"@type":"WebSite","@id":"https:\/\/braconnier.agency\/#website","url":"https:\/\/braconnier.agency\/","name":"Braconnier","description":"Magnitudo Ex Omnibus","publisher":{"@id":"https:\/\/braconnier.agency\/#organization"},"potentialAction":[{"@type":"SearchAction","target":{"@type":"EntryPoint","urlTemplate":"https:\/\/braconnier.agency\/?s={search_term_string}"},"query-input":{"@type":"PropertyValueSpecification","valueRequired":true,"valueName":"search_term_string"}}],"inLanguage":"fr-FR"},{"@type":"Organization","@id":"https:\/\/braconnier.agency\/#organization","name":"Braconnier","url":"https:\/\/braconnier.agency\/","logo":{"@type":"ImageObject","inLanguage":"fr-FR","@id":"https:\/\/braconnier.agency\/#\/schema\/logo\/image\/","url":"https:\/\/braconnier.agency\/wp-content\/uploads\/2025\/09\/Braconnier-logo.svg","contentUrl":"https:\/\/braconnier.agency\/wp-content\/uploads\/2025\/09\/Braconnier-logo.svg","width":241,"height":32,"caption":"Braconnier"},"image":{"@id":"https:\/\/braconnier.agency\/#\/schema\/logo\/image\/"},"sameAs":["https:\/\/www.facebook.com\/braconnier.agency","https:\/\/www.instagram.com\/braconnier.agency"]}]}},"_links":{"self":[{"href":"https:\/\/braconnier.agency\/fr\/wp-json\/wp\/v2\/pages\/2045","targetHints":{"allow":["GET"]}}],"collection":[{"href":"https:\/\/braconnier.agency\/fr\/wp-json\/wp\/v2\/pages"}],"about":[{"href":"https:\/\/braconnier.agency\/fr\/wp-json\/wp\/v2\/types\/page"}],"author":[{"embeddable":true,"href":"https:\/\/braconnier.agency\/fr\/wp-json\/wp\/v2\/users\/2"}],"replies":[{"embeddable":true,"href":"https:\/\/braconnier.agency\/fr\/wp-json\/wp\/v2\/comments?post=2045"}],"version-history":[{"count":70,"href":"https:\/\/braconnier.agency\/fr\/wp-json\/wp\/v2\/pages\/2045\/revisions"}],"predecessor-version":[{"id":2791,"href":"https:\/\/braconnier.agency\/fr\/wp-json\/wp\/v2\/pages\/2045\/revisions\/2791"}],"up":[{"embeddable":true,"href":"https:\/\/braconnier.agency\/fr\/wp-json\/wp\/v2\/pages\/1988"}],"wp:featuredmedia":[{"embeddable":true,"href":"https:\/\/braconnier.agency\/fr\/wp-json\/wp\/v2\/media\/2750"}],"wp:attachment":[{"href":"https:\/\/braconnier.agency\/fr\/wp-json\/wp\/v2\/media?parent=2045"}],"curies":[{"name":"wp","href":"https:\/\/api.w.org\/{rel}","templated":true}]}}