{"id":1988,"date":"2025-12-30T21:19:43","date_gmt":"2025-12-30T21:19:43","guid":{"rendered":"https:\/\/braconnier.agency\/?page_id=1988"},"modified":"2026-04-03T07:57:38","modified_gmt":"2026-04-03T07:57:38","slug":"collabs","status":"publish","type":"page","link":"https:\/\/braconnier.agency\/fr\/collabs\/","title":{"rendered":"Collabs"},"content":{"rendered":"<div data-elementor-type=\"wp-page\" data-elementor-id=\"1988\" class=\"elementor elementor-1988\" data-elementor-post-type=\"page\">\n\t\t\t\t<div class=\"elementor-element elementor-element-59b78ef e-con-full e-grid e-con e-parent\" data-id=\"59b78ef\" data-element_type=\"container\" data-e-type=\"container\" data-settings=\"{&quot;background_background&quot;:&quot;classic&quot;}\">\n\t\t\t\t<div class=\"elementor-element elementor-element-1ae73f4 elementor-widget elementor-widget-heading\" data-id=\"1ae73f4\" data-element_type=\"widget\" data-e-type=\"widget\" data-widget_type=\"heading.default\">\n\t\t\t\t\t<h3 class=\"elementor-heading-title elementor-size-default\">Collabs<\/h3>\t\t\t\t<\/div>\n\t\t\t\t<div class=\"elementor-element elementor-element-e35a521 elementor-widget elementor-widget-text-editor\" data-id=\"e35a521\" data-element_type=\"widget\" data-e-type=\"widget\" data-widget_type=\"text-editor.default\">\n\t\t\t\t\t\t\t\t\tUne s\u00e9rie de collaborations entre Braconnier et des artistes s\u00e9lectionn\u00e9s, explorant l\u2019artisanat, la forme et la cr\u00e9ation collective \u00e0 travers des objets en \u00e9dition limit\u00e9e. \t\t\t\t\t\t\t\t<\/div>\n\t\t\t\t<\/div>\n\t\t<div class=\"elementor-element elementor-element-f93d589 e-con-full e-flex e-con e-parent\" data-id=\"f93d589\" data-element_type=\"container\" data-e-type=\"container\" data-settings=\"{&quot;background_background&quot;:&quot;classic&quot;}\">\n\t\t<a class=\"elementor-element elementor-element-57a80af e-con-full e-flex e-con e-child\" data-id=\"57a80af\" data-element_type=\"container\" data-e-type=\"container\" data-settings=\"{&quot;background_background&quot;:&quot;video&quot;}\" href=\"https:\/\/braconnier.agency\/fr\/collabs\/ring-01\/\">\n\t\t<div class=\"elementor-element elementor-element-013cb66 e-con-full e-grid e-con e-child\" data-id=\"013cb66\" data-element_type=\"container\" data-e-type=\"container\" data-settings=\"{&quot;background_background&quot;:&quot;video&quot;,&quot;background_video_link&quot;:&quot;https:\\\/\\\/braconnier.agency\\\/wp-content\\\/uploads\\\/2026\\\/04\\\/RING01-Icare-x-Braconnier.mp4&quot;,&quot;background_play_on_mobile&quot;:&quot;yes&quot;}\">\n\t\t<div class=\"elementor-background-video-container\">\n\t\t\t\t\t\t\t<video class=\"elementor-background-video-hosted\" role=\"presentation\" autoplay muted playsinline loop><\/video>\n\t\t\t\t\t<\/div>\t\t<\/div>\n\t\t<div class=\"elementor-element elementor-element-e6cf880 e-con-full e-grid e-con e-child\" data-id=\"e6cf880\" data-element_type=\"container\" data-e-type=\"container\">\n\t\t\t\t<div class=\"elementor-element elementor-element-8c8f2c3 elementor-widget elementor-widget-text-editor\" data-id=\"8c8f2c3\" data-element_type=\"widget\" data-e-type=\"widget\" data-widget_type=\"text-editor.default\">\n\t\t\t\t\t\t\t\t\t<p>RING 01<br \/>Icare x Braconnier<\/p>\t\t\t\t\t\t\t\t<\/div>\n\t\t\t\t<div class=\"elementor-element elementor-element-70892b6 elementor-widget elementor-widget-text-editor\" data-id=\"70892b6\" data-element_type=\"widget\" data-e-type=\"widget\" data-widget_type=\"text-editor.default\">\n\t\t\t\t\t\t\t\t\t<p>Chevali\u00e8re en argent <br \/>250\u20ac<\/p>\t\t\t\t\t\t\t\t<\/div>\n\t\t\t\t<\/div>\n\t\t\t\t<\/a>\n\t\t<div class=\"elementor-element elementor-element-2d76c2a e-con-full e-flex e-con e-child\" data-id=\"2d76c2a\" data-element_type=\"container\" data-e-type=\"container\">\n\t\t<div class=\"elementor-element elementor-element-ce1f7a1 e-con-full e-grid e-con e-child\" data-id=\"ce1f7a1\" data-element_type=\"container\" data-e-type=\"container\" data-settings=\"{&quot;background_background&quot;:&quot;classic&quot;}\">\n\t\t\t\t<\/div>\n\t\t<div class=\"elementor-element elementor-element-8faf2ff e-con-full e-grid e-con e-child\" data-id=\"8faf2ff\" data-element_type=\"container\" data-e-type=\"container\">\n\t\t\t\t<div class=\"elementor-element elementor-element-f2e0c79 elementor-widget elementor-widget-text-editor\" data-id=\"f2e0c79\" data-element_type=\"widget\" data-e-type=\"widget\" data-widget_type=\"text-editor.default\">\n\t\t\t\t\t\t\t\t\t<p>COLLAB 02<\/p>\t\t\t\t\t\t\t\t<\/div>\n\t\t\t\t<div class=\"elementor-element elementor-element-8d5ddc9 elementor-widget elementor-widget-text-editor\" data-id=\"8d5ddc9\" data-element_type=\"widget\" data-e-type=\"widget\" data-widget_type=\"text-editor.default\">\n\t\t\t\t\t\t\t\t\t<p>Coming soon<\/p>\t\t\t\t\t\t\t\t<\/div>\n\t\t\t\t<\/div>\n\t\t\t\t<\/div>\n\t\t<div class=\"elementor-element elementor-element-e7b2c69 e-con-full e-flex e-con e-child\" data-id=\"e7b2c69\" data-element_type=\"container\" data-e-type=\"container\">\n\t\t<div class=\"elementor-element elementor-element-2550dee e-con-full e-grid e-con e-child\" data-id=\"2550dee\" data-element_type=\"container\" data-e-type=\"container\" data-settings=\"{&quot;background_background&quot;:&quot;classic&quot;}\">\n\t\t\t\t<\/div>\n\t\t<div class=\"elementor-element elementor-element-fc6d207 e-con-full e-grid e-con e-child\" data-id=\"fc6d207\" data-element_type=\"container\" data-e-type=\"container\">\n\t\t\t\t<div class=\"elementor-element elementor-element-ba0750c elementor-widget elementor-widget-text-editor\" data-id=\"ba0750c\" data-element_type=\"widget\" data-e-type=\"widget\" data-widget_type=\"text-editor.default\">\n\t\t\t\t\t\t\t\t\t<p>COLLAB 03<\/p>\t\t\t\t\t\t\t\t<\/div>\n\t\t\t\t<div class=\"elementor-element elementor-element-fc68c5a elementor-widget elementor-widget-text-editor\" data-id=\"fc68c5a\" data-element_type=\"widget\" data-e-type=\"widget\" data-widget_type=\"text-editor.default\">\n\t\t\t\t\t\t\t\t\t<p>Coming soon<\/p>\t\t\t\t\t\t\t\t<\/div>\n\t\t\t\t<\/div>\n\t\t\t\t<\/div>\n\t\t<div class=\"elementor-element elementor-element-39648e5 e-con-full e-flex e-con e-child\" data-id=\"39648e5\" data-element_type=\"container\" data-e-type=\"container\">\n\t\t<div class=\"elementor-element elementor-element-7fe9145 e-con-full e-grid e-con e-child\" data-id=\"7fe9145\" data-element_type=\"container\" data-e-type=\"container\" data-settings=\"{&quot;background_background&quot;:&quot;classic&quot;}\">\n\t\t\t\t<\/div>\n\t\t<div class=\"elementor-element elementor-element-cc94c0f e-con-full e-grid e-con e-child\" data-id=\"cc94c0f\" data-element_type=\"container\" data-e-type=\"container\">\n\t\t\t\t<div class=\"elementor-element elementor-element-4321970 elementor-widget elementor-widget-text-editor\" data-id=\"4321970\" data-element_type=\"widget\" data-e-type=\"widget\" data-widget_type=\"text-editor.default\">\n\t\t\t\t\t\t\t\t\t<p>COLLAB 04<\/p>\t\t\t\t\t\t\t\t<\/div>\n\t\t\t\t<div class=\"elementor-element elementor-element-95adbc5 elementor-widget elementor-widget-text-editor\" data-id=\"95adbc5\" data-element_type=\"widget\" data-e-type=\"widget\" data-widget_type=\"text-editor.default\">\n\t\t\t\t\t\t\t\t\t<p>Coming soon<\/p>\t\t\t\t\t\t\t\t<\/div>\n\t\t\t\t<\/div>\n\t\t\t\t<\/div>\n\t\t\t\t<\/div>\n\t\t\t\t<\/div>","protected":false},"excerpt":{"rendered":"<p>Une s\u00e9rie de collaborations entre Braconnier et des artistes s\u00e9lectionn\u00e9s, explorant l\u2019artisanat, la forme et la cr\u00e9ation collective \u00e0 travers des objets en \u00e9dition limit\u00e9e.<\/p>","protected":false},"author":2,"featured_media":2750,"parent":0,"menu_order":0,"comment_status":"closed","ping_status":"closed","template":"","meta":{"content-type":"","footnotes":""},"class_list":["post-1988","page","type-page","status-publish","has-post-thumbnail","hentry"],"yoast_head":"<!-- This site is optimized with the Yoast SEO plugin v27.4 - https:\/\/yoast.com\/product\/yoast-seo-wordpress\/ -->\n<title>Collabs - Braconnier<\/title>\n<meta name=\"description\" content=\"A series of collaborations between Braconnier and selected artists, exploring craft, form and collective creation through limited objects.\" \/>\n<meta name=\"robots\" content=\"index, follow, max-snippet:-1, max-image-preview:large, max-video-preview:-1\" \/>\n<link rel=\"canonical\" href=\"https:\/\/braconnier.agency\/fr\/collabs\/\" \/>\n<meta property=\"og:locale\" content=\"fr_FR\" \/>\n<meta property=\"og:type\" content=\"article\" \/>\n<meta property=\"og:title\" content=\"Collabs - Braconnier\" \/>\n<meta property=\"og:description\" content=\"A series of collaborations between Braconnier and selected artists, exploring craft, form and collective creation through limited objects.\" \/>\n<meta property=\"og:url\" content=\"https:\/\/braconnier.agency\/fr\/collabs\/\" \/>\n<meta property=\"og:site_name\" content=\"Braconnier\" \/>\n<meta property=\"article:publisher\" content=\"https:\/\/www.facebook.com\/braconnier.agency\" \/>\n<meta property=\"article:modified_time\" content=\"2026-04-03T07:57:38+00:00\" \/>\n<meta property=\"og:image\" content=\"https:\/\/braconnier.agency\/wp-content\/uploads\/2026\/03\/ring01-Braconnier-Icare.webp\" \/>\n\t<meta property=\"og:image:width\" content=\"2000\" \/>\n\t<meta property=\"og:image:height\" content=\"1271\" \/>\n\t<meta property=\"og:image:type\" content=\"image\/webp\" \/>\n<meta name=\"twitter:card\" content=\"summary_large_image\" \/>\n<meta name=\"twitter:label1\" content=\"Dur\u00e9e de lecture estim\u00e9e\" \/>\n\t<meta name=\"twitter:data1\" content=\"1 minute\" \/>\n<script type=\"application\/ld+json\" class=\"yoast-schema-graph\">{\"@context\":\"https:\\\/\\\/schema.org\",\"@graph\":[{\"@type\":\"WebPage\",\"@id\":\"https:\\\/\\\/braconnier.agency\\\/collabs\\\/\",\"url\":\"https:\\\/\\\/braconnier.agency\\\/collabs\\\/\",\"name\":\"Collabs - Braconnier\",\"isPartOf\":{\"@id\":\"https:\\\/\\\/braconnier.agency\\\/#website\"},\"primaryImageOfPage\":{\"@id\":\"https:\\\/\\\/braconnier.agency\\\/collabs\\\/#primaryimage\"},\"image\":{\"@id\":\"https:\\\/\\\/braconnier.agency\\\/collabs\\\/#primaryimage\"},\"thumbnailUrl\":\"https:\\\/\\\/braconnier.agency\\\/wp-content\\\/uploads\\\/2026\\\/03\\\/ring01-Braconnier-Icare.webp\",\"datePublished\":\"2025-12-30T21:19:43+00:00\",\"dateModified\":\"2026-04-03T07:57:38+00:00\",\"description\":\"A series of collaborations between Braconnier and selected artists, exploring craft, form and collective creation through limited objects.\",\"breadcrumb\":{\"@id\":\"https:\\\/\\\/braconnier.agency\\\/collabs\\\/#breadcrumb\"},\"inLanguage\":\"fr-FR\",\"potentialAction\":[{\"@type\":\"ReadAction\",\"target\":[\"https:\\\/\\\/braconnier.agency\\\/collabs\\\/\"]}]},{\"@type\":\"ImageObject\",\"inLanguage\":\"fr-FR\",\"@id\":\"https:\\\/\\\/braconnier.agency\\\/collabs\\\/#primaryimage\",\"url\":\"https:\\\/\\\/braconnier.agency\\\/wp-content\\\/uploads\\\/2026\\\/03\\\/ring01-Braconnier-Icare.webp\",\"contentUrl\":\"https:\\\/\\\/braconnier.agency\\\/wp-content\\\/uploads\\\/2026\\\/03\\\/ring01-Braconnier-Icare.webp\",\"width\":2000,\"height\":1271},{\"@type\":\"BreadcrumbList\",\"@id\":\"https:\\\/\\\/braconnier.agency\\\/collabs\\\/#breadcrumb\",\"itemListElement\":[{\"@type\":\"ListItem\",\"position\":1,\"name\":\"Home\",\"item\":\"https:\\\/\\\/braconnier.agency\\\/\"},{\"@type\":\"ListItem\",\"position\":2,\"name\":\"Collabs\"}]},{\"@type\":\"WebSite\",\"@id\":\"https:\\\/\\\/braconnier.agency\\\/#website\",\"url\":\"https:\\\/\\\/braconnier.agency\\\/\",\"name\":\"Braconnier\",\"description\":\"Magnitudo Ex Omnibus\",\"publisher\":{\"@id\":\"https:\\\/\\\/braconnier.agency\\\/#organization\"},\"potentialAction\":[{\"@type\":\"SearchAction\",\"target\":{\"@type\":\"EntryPoint\",\"urlTemplate\":\"https:\\\/\\\/braconnier.agency\\\/?s={search_term_string}\"},\"query-input\":{\"@type\":\"PropertyValueSpecification\",\"valueRequired\":true,\"valueName\":\"search_term_string\"}}],\"inLanguage\":\"fr-FR\"},{\"@type\":\"Organization\",\"@id\":\"https:\\\/\\\/braconnier.agency\\\/#organization\",\"name\":\"Braconnier\",\"url\":\"https:\\\/\\\/braconnier.agency\\\/\",\"logo\":{\"@type\":\"ImageObject\",\"inLanguage\":\"fr-FR\",\"@id\":\"https:\\\/\\\/braconnier.agency\\\/#\\\/schema\\\/logo\\\/image\\\/\",\"url\":\"https:\\\/\\\/braconnier.agency\\\/wp-content\\\/uploads\\\/2025\\\/09\\\/Braconnier-logo.svg\",\"contentUrl\":\"https:\\\/\\\/braconnier.agency\\\/wp-content\\\/uploads\\\/2025\\\/09\\\/Braconnier-logo.svg\",\"width\":241,\"height\":32,\"caption\":\"Braconnier\"},\"image\":{\"@id\":\"https:\\\/\\\/braconnier.agency\\\/#\\\/schema\\\/logo\\\/image\\\/\"},\"sameAs\":[\"https:\\\/\\\/www.facebook.com\\\/braconnier.agency\",\"https:\\\/\\\/www.instagram.com\\\/braconnier.agency\"]}]}<\/script>\n<!-- \/ Yoast SEO plugin. -->","yoast_head_json":{"title":"Collabs - Braconnier","description":"Une s\u00e9rie de collaborations entre Braconnier et des artistes s\u00e9lectionn\u00e9s, explorant l\u2019artisanat, la forme et la cr\u00e9ation collective \u00e0 travers des objets en \u00e9dition limit\u00e9e.","robots":{"index":"index","follow":"follow","max-snippet":"max-snippet:-1","max-image-preview":"max-image-preview:large","max-video-preview":"max-video-preview:-1"},"canonical":"https:\/\/braconnier.agency\/fr\/collabs\/","og_locale":"fr_FR","og_type":"article","og_title":"Collabs - Braconnier","og_description":"A series of collaborations between Braconnier and selected artists, exploring craft, form and collective creation through limited objects.","og_url":"https:\/\/braconnier.agency\/fr\/collabs\/","og_site_name":"Braconnier","article_publisher":"https:\/\/www.facebook.com\/braconnier.agency","article_modified_time":"2026-04-03T07:57:38+00:00","og_image":[{"width":2000,"height":1271,"url":"https:\/\/braconnier.agency\/wp-content\/uploads\/2026\/03\/ring01-Braconnier-Icare.webp","type":"image\/webp"}],"twitter_card":"summary_large_image","twitter_misc":{"Dur\u00e9e de lecture estim\u00e9e":"1 minute"},"schema":{"@context":"https:\/\/schema.org","@graph":[{"@type":"WebPage","@id":"https:\/\/braconnier.agency\/collabs\/","url":"https:\/\/braconnier.agency\/collabs\/","name":"Collabs - Braconnier","isPartOf":{"@id":"https:\/\/braconnier.agency\/#website"},"primaryImageOfPage":{"@id":"https:\/\/braconnier.agency\/collabs\/#primaryimage"},"image":{"@id":"https:\/\/braconnier.agency\/collabs\/#primaryimage"},"thumbnailUrl":"https:\/\/braconnier.agency\/wp-content\/uploads\/2026\/03\/ring01-Braconnier-Icare.webp","datePublished":"2025-12-30T21:19:43+00:00","dateModified":"2026-04-03T07:57:38+00:00","description":"Une s\u00e9rie de collaborations entre Braconnier et des artistes s\u00e9lectionn\u00e9s, explorant l\u2019artisanat, la forme et la cr\u00e9ation collective \u00e0 travers des objets en \u00e9dition limit\u00e9e.","breadcrumb":{"@id":"https:\/\/braconnier.agency\/collabs\/#breadcrumb"},"inLanguage":"fr-FR","potentialAction":[{"@type":"ReadAction","target":["https:\/\/braconnier.agency\/collabs\/"]}]},{"@type":"ImageObject","inLanguage":"fr-FR","@id":"https:\/\/braconnier.agency\/collabs\/#primaryimage","url":"https:\/\/braconnier.agency\/wp-content\/uploads\/2026\/03\/ring01-Braconnier-Icare.webp","contentUrl":"https:\/\/braconnier.agency\/wp-content\/uploads\/2026\/03\/ring01-Braconnier-Icare.webp","width":2000,"height":1271},{"@type":"BreadcrumbList","@id":"https:\/\/braconnier.agency\/collabs\/#breadcrumb","itemListElement":[{"@type":"ListItem","position":1,"name":"Home","item":"https:\/\/braconnier.agency\/"},{"@type":"ListItem","position":2,"name":"Collabs"}]},{"@type":"WebSite","@id":"https:\/\/braconnier.agency\/#website","url":"https:\/\/braconnier.agency\/","name":"Braconnier","description":"Magnitudo Ex Omnibus","publisher":{"@id":"https:\/\/braconnier.agency\/#organization"},"potentialAction":[{"@type":"SearchAction","target":{"@type":"EntryPoint","urlTemplate":"https:\/\/braconnier.agency\/?s={search_term_string}"},"query-input":{"@type":"PropertyValueSpecification","valueRequired":true,"valueName":"search_term_string"}}],"inLanguage":"fr-FR"},{"@type":"Organization","@id":"https:\/\/braconnier.agency\/#organization","name":"Braconnier","url":"https:\/\/braconnier.agency\/","logo":{"@type":"ImageObject","inLanguage":"fr-FR","@id":"https:\/\/braconnier.agency\/#\/schema\/logo\/image\/","url":"https:\/\/braconnier.agency\/wp-content\/uploads\/2025\/09\/Braconnier-logo.svg","contentUrl":"https:\/\/braconnier.agency\/wp-content\/uploads\/2025\/09\/Braconnier-logo.svg","width":241,"height":32,"caption":"Braconnier"},"image":{"@id":"https:\/\/braconnier.agency\/#\/schema\/logo\/image\/"},"sameAs":["https:\/\/www.facebook.com\/braconnier.agency","https:\/\/www.instagram.com\/braconnier.agency"]}]}},"_links":{"self":[{"href":"https:\/\/braconnier.agency\/fr\/wp-json\/wp\/v2\/pages\/1988","targetHints":{"allow":["GET"]}}],"collection":[{"href":"https:\/\/braconnier.agency\/fr\/wp-json\/wp\/v2\/pages"}],"about":[{"href":"https:\/\/braconnier.agency\/fr\/wp-json\/wp\/v2\/types\/page"}],"author":[{"embeddable":true,"href":"https:\/\/braconnier.agency\/fr\/wp-json\/wp\/v2\/users\/2"}],"replies":[{"embeddable":true,"href":"https:\/\/braconnier.agency\/fr\/wp-json\/wp\/v2\/comments?post=1988"}],"version-history":[{"count":70,"href":"https:\/\/braconnier.agency\/fr\/wp-json\/wp\/v2\/pages\/1988\/revisions"}],"predecessor-version":[{"id":2794,"href":"https:\/\/braconnier.agency\/fr\/wp-json\/wp\/v2\/pages\/1988\/revisions\/2794"}],"wp:featuredmedia":[{"embeddable":true,"href":"https:\/\/braconnier.agency\/fr\/wp-json\/wp\/v2\/media\/2750"}],"wp:attachment":[{"href":"https:\/\/braconnier.agency\/fr\/wp-json\/wp\/v2\/media?parent=1988"}],"curies":[{"name":"wp","href":"https:\/\/api.w.org\/{rel}","templated":true}]}}